{"id":10,"date":"2024-06-26T13:32:15","date_gmt":"2024-06-26T13:32:15","guid":{"rendered":"http:\/\/baltek.pl\/?page_id=10"},"modified":"2024-06-26T18:51:14","modified_gmt":"2024-06-26T18:51:14","slug":"kontakt","status":"publish","type":"page","link":"https:\/\/baltek.pl\/","title":{"rendered":"O firmie"},"content":{"rendered":"\n<p>Firma baltek.pl od ponad 20 lat \u015bwiadczy us\u0142ugi informatyczne. Specjalizuje si\u0119 m.in. w:<\/p>\n\n\n\n<ul class=\"wp-block-list\">\n<li>Wdro\u017ceniach i administracji system\u00f3w, w tym oprogramowania klasy ERP i eCommerce<\/li>\n\n\n\n<li>Integracjach pomi\u0119dzy systemami sprzeda\u017cy a aplikacjami WWW:\n<ul class=\"wp-block-list\">\n<li>Allegro<\/li>\n\n\n\n<li>Baselinker<\/li>\n\n\n\n<li>Sklepy internetowe (ShopGold, WooCommerce, Prestashop, Shoper, oscGold i wiele innych)<\/li>\n\n\n\n<li>Hurtownie dropshipping (np. Bioplanet)<\/li>\n<\/ul>\n<\/li>\n\n\n\n<li>Obs\u0142udze informatycznej firm i szk\u00f3\u0142<\/li>\n\n\n\n<li>Wykonywaniu instalacji teleinformatycznych i nag\u0142o\u015bnieniowych<\/li>\n\n\n\n<li>Prowadzeniu szkole\u0144 w zakresie obs\u0142ugi oprogramowania komputerowego, w szczeg\u00f3lno\u015bci programu Small Business i Bistro firmy Symplex<\/li>\n<\/ul>\n","protected":false},"excerpt":{"rendered":"<p>Firma baltek.pl od ponad 20 lat \u015bwiadczy us\u0142ugi informatyczne. Specjalizuje si\u0119 m.in. w:<\/p>\n","protected":false},"author":1,"featured_media":24,"parent":0,"menu_order":0,"comment_status":"closed","ping_status":"closed","template":"","meta":{"footnotes":""},"class_list":["post-10","page","type-page","status-publish","has-post-thumbnail","hentry"],"_links":{"self":[{"href":"https:\/\/baltek.pl\/index.php?rest_route=\/wp\/v2\/pages\/10","targetHints":{"allow":["GET"]}}],"collection":[{"href":"https:\/\/baltek.pl\/index.php?rest_route=\/wp\/v2\/pages"}],"about":[{"href":"https:\/\/baltek.pl\/index.php?rest_route=\/wp\/v2\/types\/page"}],"author":[{"embeddable":true,"href":"https:\/\/baltek.pl\/index.php?rest_route=\/wp\/v2\/users\/1"}],"replies":[{"embeddable":true,"href":"https:\/\/baltek.pl\/index.php?rest_route=%2Fwp%2Fv2%2Fcomments&post=10"}],"version-history":[{"count":3,"href":"https:\/\/baltek.pl\/index.php?rest_route=\/wp\/v2\/pages\/10\/revisions"}],"predecessor-version":[{"id":34,"href":"https:\/\/baltek.pl\/index.php?rest_route=\/wp\/v2\/pages\/10\/revisions\/34"}],"wp:featuredmedia":[{"embeddable":true,"href":"https:\/\/baltek.pl\/index.php?rest_route=\/wp\/v2\/media\/24"}],"wp:attachment":[{"href":"https:\/\/baltek.pl\/index.php?rest_route=%2Fwp%2Fv2%2Fmedia&parent=10"}],"curies":[{"name":"wp","href":"https:\/\/api.w.org\/{rel}","templated":true}]}}