{"id":25,"date":"2024-06-26T13:39:48","date_gmt":"2024-06-26T13:39:48","guid":{"rendered":"http:\/\/baltek.pl\/?page_id=25"},"modified":"2024-06-26T18:49:46","modified_gmt":"2024-06-26T18:49:46","slug":"witamy","status":"publish","type":"page","link":"https:\/\/baltek.pl\/?page_id=25","title":{"rendered":"Szkolenia"},"content":{"rendered":"\n<h2 class=\"wp-block-heading\">Szkolenia dla u\u017cytkownik\u00f3w Symplex Small Business i Bistro<\/h2>\n\n\n\n<p>Istnieje mo\u017cliwo\u015b\u0107 um\u00f3wienia si\u0119 na szkolenia indywidualne. Koszt to 250 z\u0142 za godzin\u0119. Ewentualny dojazd \u2013 do ustalenia. Mo\u017cliwe s\u0105 tak\u017ce szkolenia telefoniczne, obs\u0142uga i serwisowanie programu poprzez zdalny pulpit.<\/p>\n\n\n\n<hr class=\"wp-block-separator has-alpha-channel-opacity\"\/>\n\n\n\n<p><strong>Szkolenia grupowe<\/strong><\/p>\n\n\n\n<p>G\u0142\u00f3wn\u0105 zalet\u0105 szkole\u0144 grupowych jest ich niska cena w por\u00f3wnaniu do szkole\u0144 indywidualnych. Od kilku lat szkolimy wdro\u017ceniowc\u00f3w programu Small Business i Bistro firmy <a href=\"https:\/\/web.archive.org\/web\/20230404022259\/http:\/\/symplex.pl\/\">Symplex<\/a>, a tak\u017ce organizujemy szkolenia dla u\u017cytkownik\u00f3w.<\/p>\n\n\n\n<p>Firma jest wpisana do Rejestru Instytucji Szkoleniowych DWUP pod numerem ewidencyjnym: 2.02\/00195\/2017<\/p>\n\n\n\n<p>a tak\u017ce figuruje w Bazie Us\u0142ug Rozwojowych Polskiej Agencji Rozwoju Przedsi\u0119biorczo\u015bci.<\/p>\n\n\n\n<p>Te certyfikaty w po\u0142\u0105czeniu z wieloletnim do\u015bwiadczeniem zwi\u0105zanym z tworzeniem oprogramowania i prowadzeniem szkole\u0144 gwarantuj\u0105 Pa\u0144stwu wysok\u0105 jako\u015b\u0107 prowadzonych szkole\u0144.<\/p>\n\n\n\n<p><strong>Czas trwania jednego dnia szkolenia: <\/strong>8 godzin<\/p>\n\n\n\n<p><strong>Miejsce: <\/strong>sala komputerowa Zespo\u0142u Edukacyjnego we W\u0142odowicach (Dolny \u015al\u0105sk)<\/p>\n\n\n\n<p>Ka\u017cdy uczestnik pracuje przy w\u0142asnym stanowisku komputerowym (biznesowe laptopy Dell, Lenovo, HP).<\/p>\n\n\n\n<p>Na miejscu jest WiFi, serwis kawowy. O godzinie 14.00 w s\u0105siedniej sali jest podawany obiad (w cenie szkolenia).<\/p>\n\n\n<div class=\"wp-block-image\">\n<figure class=\"aligncenter\"><a href=\"https:\/\/web.archive.org\/web\/20230404022259\/http:\/\/baltek.pl\/wp-content\/uploads\/2015\/06\/sala_wlodowice.jpg\"><img decoding=\"async\" src=\"https:\/\/web.archive.org\/web\/20230404022259im_\/http:\/\/baltek.pl\/wp-content\/uploads\/2015\/06\/sala_wlodowice-300x169.jpg\" alt=\"Sala komputerowa w\u0142odowice\" class=\"wp-image-123\"\/><\/a><\/figure>\n<\/div>\n\n\n<p><em>Sala komputerowa jest wyposa\u017cona w rzutnik multimedialny i 17 stanowisk komputerowych<br><\/em><\/p>\n\n\n\n<p>Pierwsze 5 godzin przebiega wg scenariusza opracowanego przez szkoleniowc\u00f3w, kolejne 3 godziny s\u0105 przeznaczone na pytania uczestnik\u00f3w i obja\u015bnianie interesuj\u0105cych ich kwestii.<\/p>\n\n\n\n<p><strong>Termin: <\/strong>o terminie decyduje liczba zg\u0142osze\u0144. Aby uzyska\u0107 informacj\u0119 o najbli\u017cszych terminach, <a href=\"https:\/\/web.archive.org\/web\/20230404022259\/http:\/\/baltek.pl\/kontakt\/\">skontaktuj si\u0119 z nami &gt;&gt;&gt;<\/a><\/p>\n\n\n<div class=\"wp-block-image\">\n<figure class=\"aligncenter\"><a href=\"https:\/\/web.archive.org\/web\/20230404022259\/http:\/\/baltek.pl\/wp-content\/uploads\/2015\/06\/szkolenie_dla_uzytk.jpg\"><img decoding=\"async\" src=\"https:\/\/web.archive.org\/web\/20230404022259im_\/http:\/\/baltek.pl\/wp-content\/uploads\/2015\/06\/szkolenie_dla_uzytk-300x195.jpg\" alt=\"szkolenie Symplex Small Business\" class=\"wp-image-127\"\/><\/a><\/figure>\n<\/div>\n\n\n<p><em>Szkolenie z programu Small Business<\/em><\/p>\n\n\n\n<p>Plany szkole\u0144:<\/p>\n\n\n\n<p><strong><a href=\"https:\/\/web.archive.org\/web\/20230404022259\/http:\/\/baltek.pl\/szkolenia\/szkolenie-symplex-dla-uzytkownikow-small-business-poziom-1\/\">1. Szkolenie dla u\u017cytkownik\u00f3w Small Business poziom 1, podstawy (jednodniowe) &gt;&gt;&gt;<\/a><br><\/strong><\/p>\n\n\n\n<p><strong><a href=\"https:\/\/web.archive.org\/web\/20230404022259\/http:\/\/baltek.pl\/szkolenia\/szkolenie-small-business-poziom-2\/\">2. Szkolenie dla u\u017cytkownik\u00f3w Small Business poziom 2, \u015bredniozaawansowane (jednodniowe) &gt;&gt;&gt;<\/a><br><\/strong><\/p>\n\n\n\n<p><strong><a href=\"https:\/\/web.archive.org\/web\/20230404022259\/http:\/\/baltek.pl\/szkolenia\/szkolenie-bistro\/\">3. Szkolenie dla u\u017cytkownik\u00f3w Bistro (jednodniowe) &gt;&gt;&gt;<\/a><br><\/strong><\/p>\n\n\n\n<p><strong><a href=\"https:\/\/web.archive.org\/web\/20230404022259\/http:\/\/baltek.pl\/szkolenia\/#\">4. Szkolenia filie (jednodniowe)<\/a><\/strong><\/p>\n","protected":false},"excerpt":{"rendered":"<p>Szkolenia dla u\u017cytkownik\u00f3w Symplex Small Business i Bistro Istnieje mo\u017cliwo\u015b\u0107 um\u00f3wienia si\u0119 na szkolenia indywidualne. Koszt to 250 z\u0142 za godzin\u0119. Ewentualny dojazd \u2013 do ustalenia. Mo\u017cliwe s\u0105 tak\u017ce szkolenia telefoniczne, obs\u0142uga i serwisowanie programu poprzez zdalny pulpit. Szkolenia grupowe<\/p>\n","protected":false},"author":1,"featured_media":0,"parent":0,"menu_order":0,"comment_status":"closed","ping_status":"closed","template":"","meta":{"footnotes":""},"class_list":["post-25","page","type-page","status-publish","hentry"],"_links":{"self":[{"href":"https:\/\/baltek.pl\/index.php?rest_route=\/wp\/v2\/pages\/25","targetHints":{"allow":["GET"]}}],"collection":[{"href":"https:\/\/baltek.pl\/index.php?rest_route=\/wp\/v2\/pages"}],"about":[{"href":"https:\/\/baltek.pl\/index.php?rest_route=\/wp\/v2\/types\/page"}],"author":[{"embeddable":true,"href":"https:\/\/baltek.pl\/index.php?rest_route=\/wp\/v2\/users\/1"}],"replies":[{"embeddable":true,"href":"https:\/\/baltek.pl\/index.php?rest_route=%2Fwp%2Fv2%2Fcomments&post=25"}],"version-history":[{"count":2,"href":"https:\/\/baltek.pl\/index.php?rest_route=\/wp\/v2\/pages\/25\/revisions"}],"predecessor-version":[{"id":41,"href":"https:\/\/baltek.pl\/index.php?rest_route=\/wp\/v2\/pages\/25\/revisions\/41"}],"wp:attachment":[{"href":"https:\/\/baltek.pl\/index.php?rest_route=%2Fwp%2Fv2%2Fmedia&parent=25"}],"curies":[{"name":"wp","href":"https:\/\/api.w.org\/{rel}","templated":true}]}}